{"id":3,"date":"2019-02-26T17:57:26","date_gmt":"2019-02-26T16:57:26","guid":{"rendered":"https:\/\/www.larbredeleveil.org\/lademeuresanslimites\/?page_id=3"},"modified":"2019-03-27T12:10:43","modified_gmt":"2019-03-27T11:10:43","slug":"politique-de-confidentialite","status":"publish","type":"page","link":"https:\/\/www.larbredeleveil.org\/lademeuresanslimites\/politique-de-confidentialite\/","title":{"rendered":"Politique de confidentialit\u00e9 \/ Mentions l\u00e9gales"},"content":{"rendered":"\n<h2 class=\"wp-block-heading\">Qui sommes-nous&nbsp;?<\/h2>\n\n\n\n<p>L\u2019adresse de notre site Web est&nbsp;: https:\/\/www.larbredeleveil.org\/lademeuresanslimites.<\/p>\n\n\n\n<h2 class=\"wp-block-heading\">EDITEUR<\/h2>\n\n\n\n<p>L&#8217;arbre de l&#8217;eveil &#8211; La Demeure sans Limites<br>Association<br>Adresse : Riou la Selle, 07320 Saint-Agr\u00e8ve<br>T\u00e9l\u00e9phone&nbsp;:&nbsp;04 75 30 13 62<\/p>\n\n\n\n<h2 class=\"wp-block-heading\">SITES WEB :<\/h2>\n\n\n\n<p><a href=\"https:\/\/www.larbredeleveil.org\/lademeuresanslimites.\">h<\/a>https:\/\/www.larbredeleveil.org\/lademeuresanslimites.<a href=\"https:\/\/www.larbredeleveil.org\/lademeuresanslimites.\"><br><\/a>Directeur de la publication : J\u00f4kei Sensei Lambert<br>t\u00e9l\u00e9phone : + 04 75 30 13 62<br>email : <a href=\"mailto:lademeuresanslimites@larbredeleveil.org\">lademeuresanslimites(at)larbredeleveil.org<\/a><\/p>\n\n\n\n<h2 class=\"wp-block-heading\">H\u00c9BERGEUR<\/h2>\n\n\n\n<p>PHPNET FRANCE<br>97-97 bis rue du g\u00e9n\u00e9ral Mangin<br>38100 GRENOBLE (France)<br>Code APE : 6202 A<br>N\u00b0 SIRET 451878128 00037<br>N\u00b0 TVA intracommunautaire : FR32451878128<\/p>\n\n\n\n<h2 class=\"wp-block-heading\">MENTIONS RELATIVES AUX COOKIES<\/h2>\n\n\n\n<h4 class=\"wp-block-heading\">QU\u2019EST-CE QU\u2019UN COOKIE ET \u00c0 QUOI SERT-IL ?<\/h4>\n\n\n\n<p>Un cookie (ou t\u00e9moin de connexion) est un fichier texte susceptible d\u2019\u00eatre enregistr\u00e9, sous r\u00e9serve de vos choix, dans un espace d\u00e9di\u00e9 du disque dur de votre terminal (ordinateur, tablette \u2026) \u00e0 l\u2019occasion de la consultation d\u2019un service en ligne gr\u00e2ce \u00e0 votre logiciel de navigation. Il est transmis par le serveur d\u2019un site internet \u00e0 votre navigateur. A chaque cookie est attribu\u00e9 un identifiant anonyme. Le fichier cookie permet \u00e0 son \u00e9metteur d\u2019identifier le terminal dans lequel il est enregistr\u00e9 pendant la dur\u00e9e de validit\u00e9 ou d\u2019enregistrement du cookie concern\u00e9. Un cookie ne permet pas de remonter \u00e0 une personne physique. Lorsque vous consultez les sites jb-m.fr et web-efficiency.fr, nous pouvons \u00eatre amen\u00e9s \u00e0 installer, sous r\u00e9serve de votre choix, diff\u00e9rents cookies et notamment des cookies publicitaires.<\/p>\n\n\n\n<h4 class=\"wp-block-heading\">QUELS TYPES DE COOKIES SONT D\u00c9POS\u00c9S PAR LE SITE WEB ?<\/h4>\n\n\n\n<h5 class=\"wp-block-heading\">COOKIES DE STATISTIQUES GOOGLE ANALYTICS<\/h5>\n\n\n\n<p>Ces cookies permettent d\u2019\u00e9tablir des statistiques de fr\u00e9quentation du site https:\/\/www.larbredeleveil.org\/ et de d\u00e9tecter des probl\u00e8mes de navigation afin de suivre et d\u2019am\u00e9liorer la qualit\u00e9 de nos services.<\/p>\n\n\n\n<h5 class=\"wp-block-heading\">EXERCEZ VOS CHOIX SELON LE NAVIGATEUR QUE VOUS UTILISEZ<\/h5>\n\n\n\n<p>Vous pouvez \u00e0 tout moment param\u00e9trer votre navigateur afin d\u2019exprimer et de modifier vos souhaits en mati\u00e8re de cookies et notamment concernant les cookies de statistique. Vous pouvez exprimer vos choix en param\u00e9trant votre navigateur de fa\u00e7on \u00e0 refuser certains cookies.<\/p>\n\n\n\n<p>Si vous refusez nos cookies et ceux de nos partenaires, votre visite du site https:\/\/www.larbredeleveil.org\/ ne sera plus comptabilis\u00e9e dans Google Analytics et vous ne pourrez plus b\u00e9n\u00e9ficier d\u2019un certain nombre de fonctionnalit\u00e9s qui sont n\u00e9anmoins n\u00e9cessaires pour naviguer dans certaines de nos pages.<\/p>\n\n\n\n<p>Nous vous informons que vous pouvez toutefois vous opposer \u00e0 l\u2019enregistrement de cookies en suivant le mode op\u00e9ratoire disponible ci-dessous :<\/p>\n\n\n\n<p>Sur Internet Explorer&nbsp;<br>1. Allez dans Outils &gt; Options Internet.&nbsp;<br>2. Cliquez sur l\u2019onglet confidentialit\u00e9.&nbsp;<br>3. Cliquez sur le bouton avanc\u00e9, cochez la case \u00bb Ignorer la gestion automatique des cookies \u00bb.<\/p>\n\n\n\n<p>Sur Firefox&nbsp;<br>1. En haut de la fen\u00eatre de Firefox, cliquez sur le bouton Firefox (menu Outils sous Windows XP),&nbsp;<br>puis s\u00e9lectionnez Options.&nbsp;<br>2. S\u00e9lectionnez le panneau Vie priv\u00e9e.&nbsp;<br>3. Param\u00e9trez R\u00e8gles de conservation : \u00e0 utiliser les param\u00e8tres personnalis\u00e9s pour l\u2019historique.&nbsp;<br>4. D\u00e9cochez Accepter les cookies.<\/p>\n\n\n\n<p>Sur Chrome&nbsp;<br>1. Cliquez sur l\u2019ic\u00f4ne repr\u00e9sentant une cl\u00e9 \u00e0 molette qui est situ\u00e9e dans la barre d\u2019outils du navigateur.&nbsp;<br>2. S\u00e9lectionnez Param\u00e8tres.&nbsp;<br>3. Cliquez sur Afficher les param\u00e8tres avanc\u00e9s.&nbsp;<br>4. Dans la section \u00ab Confidentialit\u00e9 \u00bb, cliquez sur le bouton Param\u00e8tres de contenu.&nbsp;<br>5. Dans la section \u00ab Cookies \u00bb, vous pouvez bloquer les cookies et donn\u00e9es de sites tiers<\/p>\n\n\n\n<p>Sur Safari&nbsp;<br>1. Allez dans R\u00e9glages &gt; Pr\u00e9f\u00e9rences&nbsp;<br>2. Cliquez sur l\u2019onglet Confidentialit\u00e9&nbsp;<br>3. Dans la zone \u00bb Bloquer les cookies \u00ab , cochez la case \u00ab toujours \u00bb<\/p>\n\n\n\n<p>Sur Op\u00e9ra&nbsp;<br>1. Allez dans R\u00e9glages &gt; Pr\u00e9f\u00e9rences&nbsp;<br>2. Cliquez sur l\u2019onglet avanc\u00e9es&nbsp;<br>3. Dans la zone \u00bb Cookies \u00ab , cochez la case \u00bb Ne jamais accepter les cookies \u00bb<\/p>\n","protected":false},"excerpt":{"rendered":"<p>Qui sommes-nous&nbsp;? L\u2019adresse de notre site Web est&nbsp;: https:\/\/www.larbredeleveil.org\/lademeuresanslimites. EDITEUR L&#8217;arbre de l&#8217;eveil &#8211; La Demeure sans LimitesAssociationAdresse : Riou la Selle, 07320 Saint-Agr\u00e8veT\u00e9l\u00e9phone&nbsp;:&nbsp;04 75 30 13 62 SITES WEB : hhttps:\/\/www.larbredeleveil.org\/lademeuresanslimites.Directeur de la publication&hellip;<\/p>\n","protected":false},"author":1,"featured_media":0,"parent":0,"menu_order":0,"comment_status":"closed","ping_status":"closed","template":"","meta":{"footnotes":""},"class_list":["post-3","page","type-page","status-publish","hentry"],"yoast_head":"<!-- This site is optimized with the Yoast SEO plugin v26.8 - https:\/\/yoast.com\/product\/yoast-seo-wordpress\/ -->\n<title>Politique de confidentialit\u00e9 \/ Mentions l\u00e9gales - La Demeure sans Limites<\/title>\n<meta name=\"description\" content=\"%\" \/>\n<meta name=\"robots\" content=\"noindex, follow\" \/>\n<meta property=\"og:locale\" content=\"fr_FR\" \/>\n<meta property=\"og:type\" content=\"article\" \/>\n<meta property=\"og:title\" content=\"Politique de confidentialit\u00e9 \/ Mentions l\u00e9gales - La Demeure sans Limites\" \/>\n<meta property=\"og:description\" content=\"%\" \/>\n<meta property=\"og:url\" content=\"https:\/\/www.larbredeleveil.org\/lademeuresanslimites\/politique-de-confidentialite\/\" \/>\n<meta property=\"og:site_name\" content=\"La Demeure sans Limites\" \/>\n<meta property=\"article:publisher\" content=\"https:\/\/www.facebook.com\/Lademeuresanslimites\/\" \/>\n<meta property=\"article:modified_time\" content=\"2019-03-27T11:10:43+00:00\" \/>\n<meta name=\"twitter:card\" content=\"summary_large_image\" \/>\n<meta name=\"twitter:label1\" content=\"Dur\u00e9e de lecture estim\u00e9e\" \/>\n\t<meta name=\"twitter:data1\" content=\"3 minutes\" \/>\n<script type=\"application\/ld+json\" class=\"yoast-schema-graph\">{\"@context\":\"https:\/\/schema.org\",\"@graph\":[{\"@type\":\"WebPage\",\"@id\":\"https:\/\/www.larbredeleveil.org\/lademeuresanslimites\/politique-de-confidentialite\/\",\"url\":\"https:\/\/www.larbredeleveil.org\/lademeuresanslimites\/politique-de-confidentialite\/\",\"name\":\"Politique de confidentialit\u00e9 \/ Mentions l\u00e9gales - La Demeure sans Limites\",\"isPartOf\":{\"@id\":\"https:\/\/www.larbredeleveil.org\/lademeuresanslimites\/#website\"},\"datePublished\":\"2019-02-26T16:57:26+00:00\",\"dateModified\":\"2019-03-27T11:10:43+00:00\",\"description\":\"%\",\"breadcrumb\":{\"@id\":\"https:\/\/www.larbredeleveil.org\/lademeuresanslimites\/politique-de-confidentialite\/#breadcrumb\"},\"inLanguage\":\"fr-FR\",\"potentialAction\":[{\"@type\":\"ReadAction\",\"target\":[\"https:\/\/www.larbredeleveil.org\/lademeuresanslimites\/politique-de-confidentialite\/\"]}]},{\"@type\":\"BreadcrumbList\",\"@id\":\"https:\/\/www.larbredeleveil.org\/lademeuresanslimites\/politique-de-confidentialite\/#breadcrumb\",\"itemListElement\":[{\"@type\":\"ListItem\",\"position\":1,\"name\":\"Accueil\",\"item\":\"https:\/\/www.larbredeleveil.org\/lademeuresanslimites\/\"},{\"@type\":\"ListItem\",\"position\":2,\"name\":\"Politique de confidentialit\u00e9 \/ Mentions l\u00e9gales\"}]},{\"@type\":\"WebSite\",\"@id\":\"https:\/\/www.larbredeleveil.org\/lademeuresanslimites\/#website\",\"url\":\"https:\/\/www.larbredeleveil.org\/lademeuresanslimites\/\",\"name\":\"La Demeure sans Limites\",\"description\":\"Temple Bouddhiste Zen, Saint-Agr\u00e8ve en Ard\u00e8che\",\"potentialAction\":[{\"@type\":\"SearchAction\",\"target\":{\"@type\":\"EntryPoint\",\"urlTemplate\":\"https:\/\/www.larbredeleveil.org\/lademeuresanslimites\/?s={search_term_string}\"},\"query-input\":{\"@type\":\"PropertyValueSpecification\",\"valueRequired\":true,\"valueName\":\"search_term_string\"}}],\"inLanguage\":\"fr-FR\"}]}<\/script>\n<!-- \/ Yoast SEO plugin. -->","yoast_head_json":{"title":"Politique de confidentialit\u00e9 \/ Mentions l\u00e9gales - La Demeure sans Limites","description":"%","robots":{"index":"noindex","follow":"follow"},"og_locale":"fr_FR","og_type":"article","og_title":"Politique de confidentialit\u00e9 \/ Mentions l\u00e9gales - La Demeure sans Limites","og_description":"%","og_url":"https:\/\/www.larbredeleveil.org\/lademeuresanslimites\/politique-de-confidentialite\/","og_site_name":"La Demeure sans Limites","article_publisher":"https:\/\/www.facebook.com\/Lademeuresanslimites\/","article_modified_time":"2019-03-27T11:10:43+00:00","twitter_card":"summary_large_image","twitter_misc":{"Dur\u00e9e de lecture estim\u00e9e":"3 minutes"},"schema":{"@context":"https:\/\/schema.org","@graph":[{"@type":"WebPage","@id":"https:\/\/www.larbredeleveil.org\/lademeuresanslimites\/politique-de-confidentialite\/","url":"https:\/\/www.larbredeleveil.org\/lademeuresanslimites\/politique-de-confidentialite\/","name":"Politique de confidentialit\u00e9 \/ Mentions l\u00e9gales - La Demeure sans Limites","isPartOf":{"@id":"https:\/\/www.larbredeleveil.org\/lademeuresanslimites\/#website"},"datePublished":"2019-02-26T16:57:26+00:00","dateModified":"2019-03-27T11:10:43+00:00","description":"%","breadcrumb":{"@id":"https:\/\/www.larbredeleveil.org\/lademeuresanslimites\/politique-de-confidentialite\/#breadcrumb"},"inLanguage":"fr-FR","potentialAction":[{"@type":"ReadAction","target":["https:\/\/www.larbredeleveil.org\/lademeuresanslimites\/politique-de-confidentialite\/"]}]},{"@type":"BreadcrumbList","@id":"https:\/\/www.larbredeleveil.org\/lademeuresanslimites\/politique-de-confidentialite\/#breadcrumb","itemListElement":[{"@type":"ListItem","position":1,"name":"Accueil","item":"https:\/\/www.larbredeleveil.org\/lademeuresanslimites\/"},{"@type":"ListItem","position":2,"name":"Politique de confidentialit\u00e9 \/ Mentions l\u00e9gales"}]},{"@type":"WebSite","@id":"https:\/\/www.larbredeleveil.org\/lademeuresanslimites\/#website","url":"https:\/\/www.larbredeleveil.org\/lademeuresanslimites\/","name":"La Demeure sans Limites","description":"Temple Bouddhiste Zen, Saint-Agr\u00e8ve en Ard\u00e8che","potentialAction":[{"@type":"SearchAction","target":{"@type":"EntryPoint","urlTemplate":"https:\/\/www.larbredeleveil.org\/lademeuresanslimites\/?s={search_term_string}"},"query-input":{"@type":"PropertyValueSpecification","valueRequired":true,"valueName":"search_term_string"}}],"inLanguage":"fr-FR"}]}},"_links":{"self":[{"href":"https:\/\/www.larbredeleveil.org\/lademeuresanslimites\/wp-json\/wp\/v2\/pages\/3","targetHints":{"allow":["GET"]}}],"collection":[{"href":"https:\/\/www.larbredeleveil.org\/lademeuresanslimites\/wp-json\/wp\/v2\/pages"}],"about":[{"href":"https:\/\/www.larbredeleveil.org\/lademeuresanslimites\/wp-json\/wp\/v2\/types\/page"}],"author":[{"embeddable":true,"href":"https:\/\/www.larbredeleveil.org\/lademeuresanslimites\/wp-json\/wp\/v2\/users\/1"}],"replies":[{"embeddable":true,"href":"https:\/\/www.larbredeleveil.org\/lademeuresanslimites\/wp-json\/wp\/v2\/comments?post=3"}],"version-history":[{"count":0,"href":"https:\/\/www.larbredeleveil.org\/lademeuresanslimites\/wp-json\/wp\/v2\/pages\/3\/revisions"}],"wp:attachment":[{"href":"https:\/\/www.larbredeleveil.org\/lademeuresanslimites\/wp-json\/wp\/v2\/media?parent=3"}],"curies":[{"name":"wp","href":"https:\/\/api.w.org\/{rel}","templated":true}]}}