{"id":37,"date":"2017-11-09T15:40:06","date_gmt":"2017-11-09T15:40:06","guid":{"rendered":"https:\/\/www.larbredeleveil.org\/lademeuresanslimites\/grid\/"},"modified":"2022-04-19T11:30:10","modified_gmt":"2022-04-19T09:30:10","slug":"lactualite-de-la-demeure-sans-limites","status":"publish","type":"page","link":"https:\/\/www.larbredeleveil.org\/lademeuresanslimites\/lactualite-de-la-demeure-sans-limites\/","title":{"rendered":"L&#8217;actualit\u00e9 de la Demeure sans Limites"},"content":{"rendered":"<section class=\"wpb-content-wrapper\"><p>[vc_row full_width=&#8221;stretch_row&#8221; scheme=&#8221;default&#8221; hide_bg_image_on_tablet=&#8221;&#8221; hide_bg_image_on_mobile=&#8221;&#8221; row_delimiter=&#8221;&#8221; hide_on_desktop=&#8221;&#8221; hide_on_notebook=&#8221;&#8221; hide_on_tablet=&#8221;&#8221; hide_on_mobile=&#8221;&#8221; hide_on_frontpage=&#8221;&#8221; css=&#8221;.vc_custom_1551289512162{margin-bottom: 40px !important;padding-top: 100px !important;padding-bottom: 100px !important;background-image: url(https:\/\/www.larbredeleveil.org\/lademeuresanslimites\/wp-content\/uploads\/2019\/02\/La-demeure-Header.jpg?id=183) !important;background-position: center !important;background-repeat: no-repeat !important;background-size: cover !important;}&#8221; el_class=&#8221;header-subtitle&#8221;][vc_column icons_position=&#8221;left&#8221;][vc_column_text css_animation=&#8221;fadeIn&#8221;]<\/p>\n<h1>RETROUVEZ L&#8217;ACTUALIT\u00c9<br \/>\nDE LA DEMEURE SANS LIMITES<\/h1>\n<p>[\/vc_column_text][vc_column_text css_animation=&#8221;fadeInDown&#8221;]<\/p>\n<h2>Toute l&#8217;actualit\u00e9 li\u00e9e au temple.<br \/>\nCe qui se passe en Ard\u00e8che mais aussi<br \/>\nles interventions \u00e0 l&#8217;ext\u00e9rieur, vid\u00e9o&#8230;<\/h2>\n<p>[\/vc_column_text][\/vc_column][\/vc_row][vc_row][vc_column icons_position=&#8221;left&#8221;][vc_column_text]<\/p>\n<h2 style=\"text-align: center;\">L&#8217;ACTUALIT\u00c9 CLASS\u00c9E PAR TH\u00c8ME<\/h2>\n<p>[\/vc_column_text][vc_basic_grid post_type=&#8221;post&#8221; max_items=&#8221;-1&#8243; style=&#8221;pagination&#8221; items_per_page=&#8221;9&#8243; show_filter=&#8221;yes&#8221; gap=&#8221;20&#8243; filter_default_title=&#8221;Toutes les cat\u00e9gories&#8221; paging_design=&#8221;pagination_default&#8221; paging_color=&#8221;orange&#8221; item=&#8221;235&#8243; grid_id=&#8221;vc_gid:1650360474261-9c9d3f66-01cf-5&#8243; filter_source=&#8221;category&#8221; exclude_filter=&#8221;10, 33, 35, 36, 43, 45, 42, 44, 39, 10&#8243; taxonomies=&#8221;4, 46, 40, 38, 53, 54, 56&#8243; exclude=&#8221;102&#8243;][\/vc_column][\/vc_row]<\/p>\n<\/section>","protected":false},"excerpt":{"rendered":"<p>[vc_row full_width=&#8221;stretch_row&#8221; scheme=&#8221;default&#8221; hide_bg_image_on_tablet=&#8221;&#8221; hide_bg_image_on_mobile=&#8221;&#8221; row_delimiter=&#8221;&#8221; hide_on_desktop=&#8221;&#8221; hide_on_notebook=&#8221;&#8221; hide_on_tablet=&#8221;&#8221; hide_on_mobile=&#8221;&#8221; hide_on_frontpage=&#8221;&#8221; css=&#8221;.vc_custom_1551289512162{margin-bottom: 40px !important;padding-top: 100px !important;padding-bottom: 100px !important;background-image: url(https:\/\/www.larbredeleveil.org\/lademeuresanslimites\/wp-content\/uploads\/2019\/02\/La-demeure-Header.jpg?id=183) !important;background-position: center !important;background-repeat: no-repeat !important;background-size: cover !important;}&#8221; el_class=&#8221;header-subtitle&#8221;][vc_column icons_position=&#8221;left&#8221;][vc_column_text css_animation=&#8221;fadeIn&#8221;] RETROUVEZ L&#8217;ACTUALIT\u00c9 DE LA DEMEURE SANS&hellip;<\/p>\n","protected":false},"author":1,"featured_media":0,"parent":0,"menu_order":0,"comment_status":"closed","ping_status":"closed","template":"","meta":{"footnotes":""},"class_list":["post-37","page","type-page","status-publish","hentry"],"yoast_head":"<!-- This site is optimized with the Yoast SEO plugin v26.8 - https:\/\/yoast.com\/product\/yoast-seo-wordpress\/ -->\n<title>Actualit\u00e9 de la Demeure sans Limites - Temple Bouddhiste Zen en Ard\u00e8che<\/title>\n<meta name=\"description\" content=\"Retrouvez toute l&#039;actualit\u00e9, les vid\u00e9os de l&#039;\u00e9mission &quot;Sagesses bouddhistes&quot;, les textes, reflexions sur notre monde actuel...\" \/>\n<meta name=\"robots\" content=\"index, follow, max-snippet:-1, max-image-preview:large, max-video-preview:-1\" \/>\n<link rel=\"canonical\" href=\"https:\/\/www.larbredeleveil.org\/lademeuresanslimites\/lactualite-de-la-demeure-sans-limites\/\" \/>\n<meta property=\"og:locale\" content=\"fr_FR\" \/>\n<meta property=\"og:type\" content=\"article\" \/>\n<meta property=\"og:title\" content=\"Actualit\u00e9 de la Demeure sans Limites - Temple Bouddhiste Zen en Ard\u00e8che\" \/>\n<meta property=\"og:description\" content=\"Retrouvez toute l&#039;actualit\u00e9, les vid\u00e9os de l&#039;\u00e9mission &quot;Sagesses bouddhistes&quot;, les textes, reflexions sur notre monde actuel...\" \/>\n<meta property=\"og:url\" content=\"https:\/\/www.larbredeleveil.org\/lademeuresanslimites\/lactualite-de-la-demeure-sans-limites\/\" \/>\n<meta property=\"og:site_name\" content=\"La Demeure sans Limites\" \/>\n<meta property=\"article:publisher\" content=\"https:\/\/www.facebook.com\/Lademeuresanslimites\/\" \/>\n<meta property=\"article:modified_time\" content=\"2022-04-19T09:30:10+00:00\" \/>\n<meta name=\"twitter:card\" content=\"summary_large_image\" \/>\n<meta name=\"twitter:label1\" content=\"Dur\u00e9e de lecture estim\u00e9e\" \/>\n\t<meta name=\"twitter:data1\" content=\"1 minute\" \/>\n<script type=\"application\/ld+json\" class=\"yoast-schema-graph\">{\"@context\":\"https:\/\/schema.org\",\"@graph\":[{\"@type\":\"WebPage\",\"@id\":\"https:\/\/www.larbredeleveil.org\/lademeuresanslimites\/lactualite-de-la-demeure-sans-limites\/\",\"url\":\"https:\/\/www.larbredeleveil.org\/lademeuresanslimites\/lactualite-de-la-demeure-sans-limites\/\",\"name\":\"Actualit\u00e9 de la Demeure sans Limites - Temple Bouddhiste Zen en Ard\u00e8che\",\"isPartOf\":{\"@id\":\"https:\/\/www.larbredeleveil.org\/lademeuresanslimites\/#website\"},\"datePublished\":\"2017-11-09T15:40:06+00:00\",\"dateModified\":\"2022-04-19T09:30:10+00:00\",\"description\":\"Retrouvez toute l'actualit\u00e9, les vid\u00e9os de l'\u00e9mission \\\"Sagesses bouddhistes\\\", les textes, reflexions sur notre monde actuel...\",\"breadcrumb\":{\"@id\":\"https:\/\/www.larbredeleveil.org\/lademeuresanslimites\/lactualite-de-la-demeure-sans-limites\/#breadcrumb\"},\"inLanguage\":\"fr-FR\",\"potentialAction\":[{\"@type\":\"ReadAction\",\"target\":[\"https:\/\/www.larbredeleveil.org\/lademeuresanslimites\/lactualite-de-la-demeure-sans-limites\/\"]}]},{\"@type\":\"BreadcrumbList\",\"@id\":\"https:\/\/www.larbredeleveil.org\/lademeuresanslimites\/lactualite-de-la-demeure-sans-limites\/#breadcrumb\",\"itemListElement\":[{\"@type\":\"ListItem\",\"position\":1,\"name\":\"Accueil\",\"item\":\"https:\/\/www.larbredeleveil.org\/lademeuresanslimites\/\"},{\"@type\":\"ListItem\",\"position\":2,\"name\":\"L&#8217;actualit\u00e9 de la Demeure sans Limites\"}]},{\"@type\":\"WebSite\",\"@id\":\"https:\/\/www.larbredeleveil.org\/lademeuresanslimites\/#website\",\"url\":\"https:\/\/www.larbredeleveil.org\/lademeuresanslimites\/\",\"name\":\"La Demeure sans Limites\",\"description\":\"Temple Bouddhiste Zen, Saint-Agr\u00e8ve en Ard\u00e8che\",\"potentialAction\":[{\"@type\":\"SearchAction\",\"target\":{\"@type\":\"EntryPoint\",\"urlTemplate\":\"https:\/\/www.larbredeleveil.org\/lademeuresanslimites\/?s={search_term_string}\"},\"query-input\":{\"@type\":\"PropertyValueSpecification\",\"valueRequired\":true,\"valueName\":\"search_term_string\"}}],\"inLanguage\":\"fr-FR\"}]}<\/script>\n<!-- \/ Yoast SEO plugin. -->","yoast_head_json":{"title":"Actualit\u00e9 de la Demeure sans Limites - Temple Bouddhiste Zen en Ard\u00e8che","description":"Retrouvez toute l'actualit\u00e9, les vid\u00e9os de l'\u00e9mission \"Sagesses bouddhistes\", les textes, reflexions sur notre monde actuel...","robots":{"index":"index","follow":"follow","max-snippet":"max-snippet:-1","max-image-preview":"max-image-preview:large","max-video-preview":"max-video-preview:-1"},"canonical":"https:\/\/www.larbredeleveil.org\/lademeuresanslimites\/lactualite-de-la-demeure-sans-limites\/","og_locale":"fr_FR","og_type":"article","og_title":"Actualit\u00e9 de la Demeure sans Limites - Temple Bouddhiste Zen en Ard\u00e8che","og_description":"Retrouvez toute l'actualit\u00e9, les vid\u00e9os de l'\u00e9mission \"Sagesses bouddhistes\", les textes, reflexions sur notre monde actuel...","og_url":"https:\/\/www.larbredeleveil.org\/lademeuresanslimites\/lactualite-de-la-demeure-sans-limites\/","og_site_name":"La Demeure sans Limites","article_publisher":"https:\/\/www.facebook.com\/Lademeuresanslimites\/","article_modified_time":"2022-04-19T09:30:10+00:00","twitter_card":"summary_large_image","twitter_misc":{"Dur\u00e9e de lecture estim\u00e9e":"1 minute"},"schema":{"@context":"https:\/\/schema.org","@graph":[{"@type":"WebPage","@id":"https:\/\/www.larbredeleveil.org\/lademeuresanslimites\/lactualite-de-la-demeure-sans-limites\/","url":"https:\/\/www.larbredeleveil.org\/lademeuresanslimites\/lactualite-de-la-demeure-sans-limites\/","name":"Actualit\u00e9 de la Demeure sans Limites - Temple Bouddhiste Zen en Ard\u00e8che","isPartOf":{"@id":"https:\/\/www.larbredeleveil.org\/lademeuresanslimites\/#website"},"datePublished":"2017-11-09T15:40:06+00:00","dateModified":"2022-04-19T09:30:10+00:00","description":"Retrouvez toute l'actualit\u00e9, les vid\u00e9os de l'\u00e9mission \"Sagesses bouddhistes\", les textes, reflexions sur notre monde actuel...","breadcrumb":{"@id":"https:\/\/www.larbredeleveil.org\/lademeuresanslimites\/lactualite-de-la-demeure-sans-limites\/#breadcrumb"},"inLanguage":"fr-FR","potentialAction":[{"@type":"ReadAction","target":["https:\/\/www.larbredeleveil.org\/lademeuresanslimites\/lactualite-de-la-demeure-sans-limites\/"]}]},{"@type":"BreadcrumbList","@id":"https:\/\/www.larbredeleveil.org\/lademeuresanslimites\/lactualite-de-la-demeure-sans-limites\/#breadcrumb","itemListElement":[{"@type":"ListItem","position":1,"name":"Accueil","item":"https:\/\/www.larbredeleveil.org\/lademeuresanslimites\/"},{"@type":"ListItem","position":2,"name":"L&#8217;actualit\u00e9 de la Demeure sans Limites"}]},{"@type":"WebSite","@id":"https:\/\/www.larbredeleveil.org\/lademeuresanslimites\/#website","url":"https:\/\/www.larbredeleveil.org\/lademeuresanslimites\/","name":"La Demeure sans Limites","description":"Temple Bouddhiste Zen, Saint-Agr\u00e8ve en Ard\u00e8che","potentialAction":[{"@type":"SearchAction","target":{"@type":"EntryPoint","urlTemplate":"https:\/\/www.larbredeleveil.org\/lademeuresanslimites\/?s={search_term_string}"},"query-input":{"@type":"PropertyValueSpecification","valueRequired":true,"valueName":"search_term_string"}}],"inLanguage":"fr-FR"}]}},"_links":{"self":[{"href":"https:\/\/www.larbredeleveil.org\/lademeuresanslimites\/wp-json\/wp\/v2\/pages\/37","targetHints":{"allow":["GET"]}}],"collection":[{"href":"https:\/\/www.larbredeleveil.org\/lademeuresanslimites\/wp-json\/wp\/v2\/pages"}],"about":[{"href":"https:\/\/www.larbredeleveil.org\/lademeuresanslimites\/wp-json\/wp\/v2\/types\/page"}],"author":[{"embeddable":true,"href":"https:\/\/www.larbredeleveil.org\/lademeuresanslimites\/wp-json\/wp\/v2\/users\/1"}],"replies":[{"embeddable":true,"href":"https:\/\/www.larbredeleveil.org\/lademeuresanslimites\/wp-json\/wp\/v2\/comments?post=37"}],"version-history":[{"count":1,"href":"https:\/\/www.larbredeleveil.org\/lademeuresanslimites\/wp-json\/wp\/v2\/pages\/37\/revisions"}],"predecessor-version":[{"id":3725,"href":"https:\/\/www.larbredeleveil.org\/lademeuresanslimites\/wp-json\/wp\/v2\/pages\/37\/revisions\/3725"}],"wp:attachment":[{"href":"https:\/\/www.larbredeleveil.org\/lademeuresanslimites\/wp-json\/wp\/v2\/media?parent=37"}],"curies":[{"name":"wp","href":"https:\/\/api.w.org\/{rel}","templated":true}]}}